{"id":9561,"date":"2024-03-31T11:53:30","date_gmt":"2024-03-31T11:53:30","guid":{"rendered":"https:\/\/oxasport.com\/programmes-pour-entraineurs\/"},"modified":"2024-04-14T12:16:30","modified_gmt":"2024-04-14T12:16:30","slug":"programmes-pour-entraineurs","status":"publish","type":"page","link":"https:\/\/oxasport.com\/fr\/programmes-pour-entraineurs\/","title":{"rendered":"Programmes pour Entra\u00eeneurs"},"content":{"rendered":"<div class=\"wp-block-group eplus-wrapper eplus-styles-uid-775b2e\"><div class=\"wp-block-group__inner-container is-layout-constrained wp-block-group-is-layout-constrained\">\n<p class=\" eplus-wrapper\">Vous \u00eates entra\u00eeneur de football et vous travaillez dans un club de football amateur ou professionnel ? Vous souhaitez obtenir de nouvelles certifications d&rsquo;entra\u00eeneur de football et d\u00e9velopper vos comp\u00e9tences d&rsquo;entra\u00eeneur ?<\/p>\n\n\n\n<p class=\" eplus-wrapper\">Chez Oxasport, nous proposons une s\u00e9rie de formations pour les entra\u00eeneurs de football en partenariat avec des acad\u00e9mies de football professionnelles afin de vous permettre d&rsquo;apprendre aupr\u00e8s des meilleurs de l&rsquo;industrie.<\/p>\n\n\n\n<p class=\" eplus-wrapper\">Les programmes de formation de football que nous proposons sont les suivants :<\/p>\n\n\n<ul class=\"eplus-wrapper wp-block-list eplus-styles-uid-507527\">\n<li class=\" eplus-wrapper\">\n          <strong>\n            <a href=\"#football-coaching-trips\">Voyages pour entra\u00eeneurs de football dans des acad\u00e9mies professionnelles<\/a>\n          <\/strong>\n        <\/li>\n\n\n\n<li class=\" eplus-wrapper\">\n          <strong>\n            <strong>\n              <a href=\"#marketing-tips\">Conseils &amp; ressources marketing pour les entra\u00eeneurs de football<\/a>\n            <\/strong>\n          <\/strong>\n        <\/li>\n\n\n<li class=\" eplus-wrapper eplus-styles-uid-7bb7c8\">\n          <strong>\n            <a href=\"#football-camps\">Opportunit\u00e9s de stages internationaux de football<\/a>\n          <\/strong>\n        <\/li><\/ul>\n\n<figure class=\" wp-block-image size-full is-resized eplus-wrapper eplus-styles-uid-03cc0c\"><img loading=\"lazy\" decoding=\"async\" width=\"950\" height=\"632\" src=\"https:\/\/oxasport.com\/wp-content\/uploads\/2023\/10\/Atletico-de-Madrid-Training-Centre-Majadahonda.jpg\" alt=\"Atletico de Madrid Training Centre Majadahonda\" class=\"wp-image-6682\" style=\"width:530px\" srcset=\"https:\/\/oxasport.com\/wp-content\/uploads\/2023\/10\/Atletico-de-Madrid-Training-Centre-Majadahonda.jpg 950w, https:\/\/oxasport.com\/wp-content\/uploads\/2023\/10\/Atletico-de-Madrid-Training-Centre-Majadahonda-300x200.jpg 300w, https:\/\/oxasport.com\/wp-content\/uploads\/2023\/10\/Atletico-de-Madrid-Training-Centre-Majadahonda-768x511.jpg 768w\" sizes=\"auto, (max-width: 950px) 100vw, 950px\" \/><\/figure>\n\n<h2 class=\" wp-block-heading eplus-wrapper eplus-styles-uid-99ded2\" id=\"football-coaching-trips\">\n          <strong>Voyages pour entra\u00eeneurs de football dans des acad\u00e9mies professionnelles<\/strong>\n        <\/h2>\n\n<p class=\" eplus-wrapper eplus-styles-uid-936d21\">Visitez l&rsquo;acad\u00e9mie des clubs professionnels d&rsquo;Europe et suivez des formations d&rsquo;entra\u00eeneurs avec des experts sp\u00e9cialis\u00e9s. Assistez \u00e0 des cours th\u00e9oriques, regardez des s\u00e9ances d&rsquo;entra\u00eenement et analysez des matches d&rsquo;\u00e9quipes de l&rsquo;acad\u00e9mie. Nos voyages exclusifs dans les acad\u00e9mies professionnelles vous offre une occasion unique de vous immerger dans les nouvelles m\u00e9thodes d&rsquo;entra\u00eenement, d&rsquo;apprendre des meilleurs et d&rsquo;acqu\u00e9rir des connaissances qui vous permettront de progresser dans votre carri\u00e8re d&rsquo;entra\u00eeneur.<\/p>\n\n\n<div class=\"wp-block-buttons eplus-wrapper is-content-justification-center is-layout-flex wp-container-core-buttons-is-layout-16018d1d wp-block-buttons-is-layout-flex\"><div class=\"ep-custom-buttons-icon  is-style-outline wp-block-button eplus-wrapper is-style-outline--1 eplus-styles-uid-086198\"><a class=\"wp-block-button__link has-white-color has-text-color has-background has-link-color wp-element-button\" href=\"\/fr\/programmes\/entraineurs-de-football\/\" style=\"background-color:#5c98f2\">Trouver une formation<\/a><\/div><\/div>\n\n\n<figure class=\" wp-block-image size-full is-resized eplus-wrapper eplus-styles-uid-d80c60\"><img loading=\"lazy\" decoding=\"async\" width=\"950\" height=\"632\" src=\"https:\/\/oxasport.com\/wp-content\/uploads\/2023\/10\/Atletico-de-Madrid-Training-Centre-Alcala-de-Henares.jpg\" alt=\"Atletico de Madrid Training Centre Alcala de Henares\" class=\"wp-image-6679\" style=\"width:530px;height:auto\" srcset=\"https:\/\/oxasport.com\/wp-content\/uploads\/2023\/10\/Atletico-de-Madrid-Training-Centre-Alcala-de-Henares.jpg 950w, https:\/\/oxasport.com\/wp-content\/uploads\/2023\/10\/Atletico-de-Madrid-Training-Centre-Alcala-de-Henares-300x200.jpg 300w, https:\/\/oxasport.com\/wp-content\/uploads\/2023\/10\/Atletico-de-Madrid-Training-Centre-Alcala-de-Henares-768x511.jpg 768w\" sizes=\"auto, (max-width: 950px) 100vw, 950px\" \/><\/figure>\n\n<h2 class=\" wp-block-heading eplus-wrapper eplus-styles-uid-99ded2\" id=\"marketing-tips\">\n          <strong>Nos autres services pour entra\u00eeneurs de football<\/strong>\n        <\/h2>\n\n<h3 class=\" wp-block-heading eplus-wrapper eplus-styles-uid-99ded2\" id=\"marketing-tips\">\n          <strong>Conseils &amp; ressources marketing pour les entra\u00eeneurs de football<\/strong>\n        <\/h3>\n\n<p class=\" eplus-wrapper eplus-styles-uid-83137e\">Vous \u00eates dirigeant d&rsquo;une entreprise d&rsquo;entra\u00eenement de football ou vous cherchez \u00e0 d\u00e9velopper votre image de marque en tant qu&rsquo;entra\u00eeneur ? Notre page de ressources propose une s\u00e9rie d&rsquo;articles sur le marketing et la communication num\u00e9rique sp\u00e9cialement pour les clubs de football et les entra\u00eeneurs. Lisez nos courts articles sur le marketing, les r\u00e9seaux sociaux pour votre entreprise et la mani\u00e8re de construire ou d&rsquo;am\u00e9liorer la pr\u00e9sence en ligne de votre site web.<\/p>\n\n\n<div class=\"wp-block-buttons eplus-wrapper is-content-justification-center is-layout-flex wp-container-core-buttons-is-layout-16018d1d wp-block-buttons-is-layout-flex\"><div class=\"ep-custom-buttons-icon  is-style-outline wp-block-button eplus-wrapper is-style-outline--2 eplus-styles-uid-034203\"><a class=\"wp-block-button__link has-white-color has-text-color has-background has-link-color wp-element-button\" href=\"https:\/\/oxasport.com\/fr\/ressources-football\/\" style=\"background-color:#5c98f2\">Lire nos articles<\/a><\/div><\/div>\n\n\n<h3 class=\" wp-block-heading eplus-wrapper eplus-styles-uid-99ded2\" id=\"football-camps\">\n          <strong>Stages internationaux de football<\/strong>\n        <\/h3>\n\n<p class=\" eplus-wrapper eplus-styles-uid-83137e\">Nous organisons des stages de football pour les jeunes joueurs en partenariat avec des clubs professionnels tout au long de l&rsquo;ann\u00e9e. Nous offrons la possibilit\u00e9 aux entra\u00eeneurs motiv\u00e9s d&rsquo;acqu\u00e9rir une exp\u00e9rience pratique lors de nos stages qui sont dirig\u00e9s par des entra\u00eeneurs professionnels exp\u00e9riment\u00e9s. Le programme de la semaine des stages est d\u00e9velopp\u00e9 par les acad\u00e9mies professionnelles et permet aux entra\u00eeneurs de d\u00e9couvrir de nouvelles m\u00e9thodes d&rsquo;entra\u00eenement. Vous souhaitez devenir entra\u00eeneur de football lors de l&rsquo;un de nos prochains stages ? Contactez notre \u00e9quipe !<\/p>\n\n\n<div class=\"wp-block-buttons eplus-wrapper is-content-justification-center is-layout-flex wp-container-core-buttons-is-layout-16018d1d wp-block-buttons-is-layout-flex\"><div class=\"ep-custom-buttons-icon  is-style-outline wp-block-button eplus-wrapper is-style-outline--3 eplus-styles-uid-ff1e39\"><a class=\"wp-block-button__link has-white-color has-text-color has-background has-link-color wp-element-button\" href=\"https:\/\/oxasport.com\/fr\/contact\/\" style=\"background-color:#5c98f2\">Contactez-nous<\/a><\/div><\/div>\n\n\n<h2 class=\" wp-block-heading eplus-wrapper eplus-styles-uid-99ded2\">Pourquoi choisir Oxasport ?<\/h2>\n\n<p class=\" eplus-wrapper eplus-styles-uid-99ded2\">Chez Oxasport, nous travaillons pour rendre les connaissances professionnelles plus accessibles aux entra\u00eeneurs de football en vous proposant des formations et des ressources de qualit\u00e9 pour les entra\u00eeneurs.<\/p>\n\n<p class=\" eplus-wrapper eplus-styles-uid-83137e\">Nous disposons d&rsquo;un acc\u00e8s exclusif \u00e0 un r\u00e9seau d&rsquo;acad\u00e9mies de football professionnelles, ce qui vous permet de suivre des formations authentiques et de la meilleure qualit\u00e9. Notre passion pour contribuer \u00e0 un meilleur monde du football et notre exp\u00e9rience professionnelle sont \u00e0 votre service pour vous offrir des exp\u00e9riences auxquelles vous pouvez faire confiance.<\/p><\/div><\/div>","protected":false},"excerpt":{"rendered":"<p>Vous \u00eates entra\u00eeneur de football et vous travaillez dans un club de football amateur ou professionnel ? Vous souhaitez obtenir de nouvelles certifications d&rsquo;entra\u00eeneur de football et d\u00e9velopper vos comp\u00e9tences d&rsquo;entra\u00eeneur ? Chez Oxasport, nous proposons une s\u00e9rie de formations pour les entra\u00eeneurs de football en partenariat avec des acad\u00e9mies de football professionnelles afin de [&hellip;]<\/p>\n","protected":false},"author":1,"featured_media":0,"parent":0,"menu_order":0,"comment_status":"closed","ping_status":"closed","template":"","meta":{"inline_featured_image":false,"editor_plus_copied_stylings":"{}","footnotes":""},"class_list":["post-9561","page","type-page","status-publish","hentry"],"yoast_head":"<!-- This site is optimized with the Yoast SEO plugin v27.3 - https:\/\/yoast.com\/product\/yoast-seo-wordpress\/ -->\n<title>Programmes pour Entra\u00eeneurs - Oxasport<\/title>\n<meta name=\"robots\" content=\"index, follow, max-snippet:-1, max-image-preview:large, max-video-preview:-1\" \/>\n<link rel=\"canonical\" href=\"https:\/\/oxasport.com\/fr\/programmes-pour-entraineurs\/\" \/>\n<meta property=\"og:locale\" content=\"fr_FR\" \/>\n<meta property=\"og:type\" content=\"article\" \/>\n<meta property=\"og:title\" content=\"Programmes pour Entra\u00eeneurs - Oxasport\" \/>\n<meta property=\"og:description\" content=\"Vous \u00eates entra\u00eeneur de football et vous travaillez dans un club de football amateur ou professionnel ? Vous souhaitez obtenir de nouvelles certifications d&rsquo;entra\u00eeneur de football et d\u00e9velopper vos comp\u00e9tences d&rsquo;entra\u00eeneur ? Chez Oxasport, nous proposons une s\u00e9rie de formations pour les entra\u00eeneurs de football en partenariat avec des acad\u00e9mies de football professionnelles afin de [&hellip;]\" \/>\n<meta property=\"og:url\" content=\"https:\/\/oxasport.com\/fr\/programmes-pour-entraineurs\/\" \/>\n<meta property=\"og:site_name\" content=\"Oxasport\" \/>\n<meta property=\"article:modified_time\" content=\"2024-04-14T12:16:30+00:00\" \/>\n<meta property=\"og:image\" content=\"https:\/\/oxasport.com\/wp-content\/uploads\/2023\/10\/Atletico-de-Madrid-Training-Centre-Majadahonda.jpg\" \/>\n<meta name=\"twitter:card\" content=\"summary_large_image\" \/>\n<meta name=\"twitter:label1\" content=\"Dur\u00e9e de lecture estim\u00e9e\" \/>\n\t<meta name=\"twitter:data1\" content=\"3 minutes\" \/>\n<script type=\"application\/ld+json\" class=\"yoast-schema-graph\">{\"@context\":\"https:\\\/\\\/schema.org\",\"@graph\":[{\"@type\":\"WebPage\",\"@id\":\"https:\\\/\\\/oxasport.com\\\/fr\\\/programmes-pour-entraineurs\\\/\",\"url\":\"https:\\\/\\\/oxasport.com\\\/fr\\\/programmes-pour-entraineurs\\\/\",\"name\":\"Programmes pour Entra\u00eeneurs - Oxasport\",\"isPartOf\":{\"@id\":\"https:\\\/\\\/oxasport.com\\\/fr\\\/#website\"},\"primaryImageOfPage\":{\"@id\":\"https:\\\/\\\/oxasport.com\\\/fr\\\/programmes-pour-entraineurs\\\/#primaryimage\"},\"image\":{\"@id\":\"https:\\\/\\\/oxasport.com\\\/fr\\\/programmes-pour-entraineurs\\\/#primaryimage\"},\"thumbnailUrl\":\"https:\\\/\\\/oxasport.com\\\/wp-content\\\/uploads\\\/2023\\\/10\\\/Atletico-de-Madrid-Training-Centre-Majadahonda.jpg\",\"datePublished\":\"2024-03-31T11:53:30+00:00\",\"dateModified\":\"2024-04-14T12:16:30+00:00\",\"breadcrumb\":{\"@id\":\"https:\\\/\\\/oxasport.com\\\/fr\\\/programmes-pour-entraineurs\\\/#breadcrumb\"},\"inLanguage\":\"fr-FR\",\"potentialAction\":[{\"@type\":\"ReadAction\",\"target\":[\"https:\\\/\\\/oxasport.com\\\/fr\\\/programmes-pour-entraineurs\\\/\"]}]},{\"@type\":\"ImageObject\",\"inLanguage\":\"fr-FR\",\"@id\":\"https:\\\/\\\/oxasport.com\\\/fr\\\/programmes-pour-entraineurs\\\/#primaryimage\",\"url\":\"https:\\\/\\\/oxasport.com\\\/wp-content\\\/uploads\\\/2023\\\/10\\\/Atletico-de-Madrid-Training-Centre-Majadahonda.jpg\",\"contentUrl\":\"https:\\\/\\\/oxasport.com\\\/wp-content\\\/uploads\\\/2023\\\/10\\\/Atletico-de-Madrid-Training-Centre-Majadahonda.jpg\"},{\"@type\":\"BreadcrumbList\",\"@id\":\"https:\\\/\\\/oxasport.com\\\/fr\\\/programmes-pour-entraineurs\\\/#breadcrumb\",\"itemListElement\":[{\"@type\":\"ListItem\",\"position\":1,\"name\":\"Home\",\"item\":\"https:\\\/\\\/oxasport.com\\\/fr\\\/accueil\\\/\"},{\"@type\":\"ListItem\",\"position\":2,\"name\":\"Programmes pour Entra\u00eeneurs\"}]},{\"@type\":\"WebSite\",\"@id\":\"https:\\\/\\\/oxasport.com\\\/fr\\\/#website\",\"url\":\"https:\\\/\\\/oxasport.com\\\/fr\\\/\",\"name\":\"Oxasport\",\"description\":\"Your Football Experience Agency\",\"potentialAction\":[{\"@type\":\"SearchAction\",\"target\":{\"@type\":\"EntryPoint\",\"urlTemplate\":\"https:\\\/\\\/oxasport.com\\\/fr\\\/?s={search_term_string}\"},\"query-input\":{\"@type\":\"PropertyValueSpecification\",\"valueRequired\":true,\"valueName\":\"search_term_string\"}}],\"inLanguage\":\"fr-FR\"}]}<\/script>\n<!-- \/ Yoast SEO plugin. -->","yoast_head_json":{"title":"Programmes pour Entra\u00eeneurs - Oxasport","robots":{"index":"index","follow":"follow","max-snippet":"max-snippet:-1","max-image-preview":"max-image-preview:large","max-video-preview":"max-video-preview:-1"},"canonical":"https:\/\/oxasport.com\/fr\/programmes-pour-entraineurs\/","og_locale":"fr_FR","og_type":"article","og_title":"Programmes pour Entra\u00eeneurs - Oxasport","og_description":"Vous \u00eates entra\u00eeneur de football et vous travaillez dans un club de football amateur ou professionnel ? Vous souhaitez obtenir de nouvelles certifications d&rsquo;entra\u00eeneur de football et d\u00e9velopper vos comp\u00e9tences d&rsquo;entra\u00eeneur ? Chez Oxasport, nous proposons une s\u00e9rie de formations pour les entra\u00eeneurs de football en partenariat avec des acad\u00e9mies de football professionnelles afin de [&hellip;]","og_url":"https:\/\/oxasport.com\/fr\/programmes-pour-entraineurs\/","og_site_name":"Oxasport","article_modified_time":"2024-04-14T12:16:30+00:00","og_image":[{"url":"https:\/\/oxasport.com\/wp-content\/uploads\/2023\/10\/Atletico-de-Madrid-Training-Centre-Majadahonda.jpg","type":"","width":"","height":""}],"twitter_card":"summary_large_image","twitter_misc":{"Dur\u00e9e de lecture estim\u00e9e":"3 minutes"},"schema":{"@context":"https:\/\/schema.org","@graph":[{"@type":"WebPage","@id":"https:\/\/oxasport.com\/fr\/programmes-pour-entraineurs\/","url":"https:\/\/oxasport.com\/fr\/programmes-pour-entraineurs\/","name":"Programmes pour Entra\u00eeneurs - Oxasport","isPartOf":{"@id":"https:\/\/oxasport.com\/fr\/#website"},"primaryImageOfPage":{"@id":"https:\/\/oxasport.com\/fr\/programmes-pour-entraineurs\/#primaryimage"},"image":{"@id":"https:\/\/oxasport.com\/fr\/programmes-pour-entraineurs\/#primaryimage"},"thumbnailUrl":"https:\/\/oxasport.com\/wp-content\/uploads\/2023\/10\/Atletico-de-Madrid-Training-Centre-Majadahonda.jpg","datePublished":"2024-03-31T11:53:30+00:00","dateModified":"2024-04-14T12:16:30+00:00","breadcrumb":{"@id":"https:\/\/oxasport.com\/fr\/programmes-pour-entraineurs\/#breadcrumb"},"inLanguage":"fr-FR","potentialAction":[{"@type":"ReadAction","target":["https:\/\/oxasport.com\/fr\/programmes-pour-entraineurs\/"]}]},{"@type":"ImageObject","inLanguage":"fr-FR","@id":"https:\/\/oxasport.com\/fr\/programmes-pour-entraineurs\/#primaryimage","url":"https:\/\/oxasport.com\/wp-content\/uploads\/2023\/10\/Atletico-de-Madrid-Training-Centre-Majadahonda.jpg","contentUrl":"https:\/\/oxasport.com\/wp-content\/uploads\/2023\/10\/Atletico-de-Madrid-Training-Centre-Majadahonda.jpg"},{"@type":"BreadcrumbList","@id":"https:\/\/oxasport.com\/fr\/programmes-pour-entraineurs\/#breadcrumb","itemListElement":[{"@type":"ListItem","position":1,"name":"Home","item":"https:\/\/oxasport.com\/fr\/accueil\/"},{"@type":"ListItem","position":2,"name":"Programmes pour Entra\u00eeneurs"}]},{"@type":"WebSite","@id":"https:\/\/oxasport.com\/fr\/#website","url":"https:\/\/oxasport.com\/fr\/","name":"Oxasport","description":"Your Football Experience Agency","potentialAction":[{"@type":"SearchAction","target":{"@type":"EntryPoint","urlTemplate":"https:\/\/oxasport.com\/fr\/?s={search_term_string}"},"query-input":{"@type":"PropertyValueSpecification","valueRequired":true,"valueName":"search_term_string"}}],"inLanguage":"fr-FR"}]}},"_links":{"self":[{"href":"https:\/\/oxasport.com\/fr\/wp-json\/wp\/v2\/pages\/9561","targetHints":{"allow":["GET"]}}],"collection":[{"href":"https:\/\/oxasport.com\/fr\/wp-json\/wp\/v2\/pages"}],"about":[{"href":"https:\/\/oxasport.com\/fr\/wp-json\/wp\/v2\/types\/page"}],"author":[{"embeddable":true,"href":"https:\/\/oxasport.com\/fr\/wp-json\/wp\/v2\/users\/1"}],"replies":[{"embeddable":true,"href":"https:\/\/oxasport.com\/fr\/wp-json\/wp\/v2\/comments?post=9561"}],"version-history":[{"count":5,"href":"https:\/\/oxasport.com\/fr\/wp-json\/wp\/v2\/pages\/9561\/revisions"}],"predecessor-version":[{"id":9718,"href":"https:\/\/oxasport.com\/fr\/wp-json\/wp\/v2\/pages\/9561\/revisions\/9718"}],"wp:attachment":[{"href":"https:\/\/oxasport.com\/fr\/wp-json\/wp\/v2\/media?parent=9561"}],"curies":[{"name":"wp","href":"https:\/\/api.w.org\/{rel}","templated":true}]}}